{"id":16186,"date":"2025-09-12T07:10:20","date_gmt":"2025-09-12T06:10:20","guid":{"rendered":"https:\/\/hitjob.it\/?page_id=16186"},"modified":"2025-09-19T11:44:02","modified_gmt":"2025-09-19T10:44:02","slug":"faleminderit","status":"publish","type":"page","link":"https:\/\/hitjob.it\/sq\/faleminderit\/","title":{"rendered":"FALEMINDERIT"},"content":{"rendered":"\t\t<div data-elementor-type=\"wp-page\" data-elementor-id=\"16186\" class=\"elementor elementor-16186\" data-elementor-post-type=\"page\">\n\t\t\t\t<div class=\"elementor-element elementor-element-795f27b e-flex e-con-boxed e-con e-parent\" data-id=\"795f27b\" data-element_type=\"container\" data-e-type=\"container\" data-settings=\"{&quot;background_background&quot;:&quot;classic&quot;}\">\n\t\t\t\t\t<div class=\"e-con-inner\">\n\t\t<div class=\"elementor-element elementor-element-c235242 e-con-full e-flex e-con e-child\" data-id=\"c235242\" data-element_type=\"container\" data-e-type=\"container\" data-settings=\"{&quot;background_background&quot;:&quot;classic&quot;}\">\n\t\t\t\t<div class=\"elementor-element elementor-element-f7062c0 elementor-widget elementor-widget-heading\" data-id=\"f7062c0\" data-element_type=\"widget\" data-e-type=\"widget\" data-widget_type=\"heading.default\">\n\t\t\t\t<div class=\"elementor-widget-container\">\n\t\t\t\t\t<h1 class=\"elementor-heading-title elementor-size-default\">FALEMINDEIT<\/h1>\t\t\t\t<\/div>\n\t\t\t\t<\/div>\n\t\t\t\t<div class=\"elementor-element elementor-element-bad6759 elementor-widget-divider--view-line elementor-widget elementor-widget-divider\" data-id=\"bad6759\" data-element_type=\"widget\" data-e-type=\"widget\" data-widget_type=\"divider.default\">\n\t\t\t\t<div class=\"elementor-widget-container\">\n\t\t\t\t\t\t\t<div class=\"elementor-divider\">\n\t\t\t<span class=\"elementor-divider-separator\">\n\t\t\t\t\t\t<\/span>\n\t\t<\/div>\n\t\t\t\t\t\t<\/div>\n\t\t\t\t<\/div>\n\t\t\t\t<div class=\"elementor-element elementor-element-9871e39 elementor-widget elementor-widget-heading\" data-id=\"9871e39\" data-element_type=\"widget\" data-e-type=\"widget\" data-widget_type=\"heading.default\">\n\t\t\t\t<div class=\"elementor-widget-container\">\n\t\t\t\t\t<h2 class=\"elementor-heading-title elementor-size-default\">Do t'ju kontaktojm\u00eb sa m\u00eb shpejt t\u00eb jet\u00eb e mundur.<\/h2>\t\t\t\t<\/div>\n\t\t\t\t<\/div>\n\t\t\t\t<div class=\"elementor-element elementor-element-a39b2b2 elementor-widget elementor-widget-text-editor\" data-id=\"a39b2b2\" data-element_type=\"widget\" data-e-type=\"widget\" data-widget_type=\"text-editor.default\">\n\t\t\t\t<div class=\"elementor-widget-container\">\n\t\t\t\t\t\t\t\t\t<p>Nd\u00ebrkoh\u00eb, zbuloni <a href=\"https:\/\/hitjob.it\/sq\/kerkoj-pune\/\"><strong><span class=\"f2f2f2\">pozicionet tona vakante<\/span><\/strong><\/a>.<\/p>\t\t\t\t\t\t\t\t<\/div>\n\t\t\t\t<\/div>\n\t\t\t\t<div class=\"elementor-element elementor-element-52e7aac elementor-widget-divider--view-line elementor-widget elementor-widget-divider\" data-id=\"52e7aac\" data-element_type=\"widget\" data-e-type=\"widget\" data-widget_type=\"divider.default\">\n\t\t\t\t<div class=\"elementor-widget-container\">\n\t\t\t\t\t\t\t<div class=\"elementor-divider\">\n\t\t\t<span class=\"elementor-divider-separator\">\n\t\t\t\t\t\t<\/span>\n\t\t<\/div>\n\t\t\t\t\t\t<\/div>\n\t\t\t\t<\/div>\n\t\t<div class=\"elementor-element elementor-element-5edb9fd e-con-full e-flex e-con e-child\" data-id=\"5edb9fd\" data-element_type=\"container\" data-e-type=\"container\">\n\t\t\t\t<div class=\"elementor-element elementor-element-7a29e4e elementor-widget elementor-widget-text-editor\" data-id=\"7a29e4e\" data-element_type=\"widget\" data-e-type=\"widget\" data-widget_type=\"text-editor.default\">\n\t\t\t\t<div class=\"elementor-widget-container\">\n\t\t\t\t\t\t\t\t\t<p>Q\u00ebndroni n\u00eb kontakt me ne<\/p>\t\t\t\t\t\t\t\t<\/div>\n\t\t\t\t<\/div>\n\t\t\t\t<div class=\"elementor-element elementor-element-39eedd0 elementor-shape-rounded elementor-grid-0 e-grid-align-center elementor-widget elementor-widget-social-icons\" data-id=\"39eedd0\" data-element_type=\"widget\" data-e-type=\"widget\" data-widget_type=\"social-icons.default\">\n\t\t\t\t<div class=\"elementor-widget-container\">\n\t\t\t\t\t\t\t<div class=\"elementor-social-icons-wrapper elementor-grid\" role=\"list\">\n\t\t\t\t\t\t\t<span class=\"elementor-grid-item\" role=\"listitem\">\n\t\t\t\t\t<a class=\"elementor-icon elementor-social-icon elementor-social-icon-linkedin elementor-animation-grow elementor-repeater-item-f771b7a\" href=\"https:\/\/l.facebook.com\/l.php?u=https%3A%2F%2Flinkedin.com%2Fin%2Fhitjob-it%3Ffbclid%3DIwZXh0bgNhZW0CMTAAYnJpZBExRFpvMWFXT1JEZFZLUVhlYgEer5PVo0am3BLVVKHrUEwia40TBb0CK1gGrJ7vL1hI0wFmiS36EUQ0Qu4NBbY_aem_i2envRBm5g0U36bXgI-b9w&#038;h=AT0sGJy8JFeRECxjtFMMnsWCiRu24RomxchZcZ78XR6O4ZO7T5rGWeRzof5t3c0InMT97eaturu3N02PaYBLa2bIEr22fx9xaBbR_qdlEzlFNrUoGcS367yLRZqYkwjjswTc\" target=\"_blank\">\n\t\t\t\t\t\t<span class=\"elementor-screen-only\">Linkedin<\/span>\n\t\t\t\t\t\t<svg aria-hidden=\"true\" class=\"e-font-icon-svg e-fab-linkedin\" viewBox=\"0 0 448 512\" xmlns=\"http:\/\/www.w3.org\/2000\/svg\"><path d=\"M416 32H31.9C14.3 32 0 46.5 0 64.3v383.4C0 465.5 14.3 480 31.9 480H416c17.6 0 32-14.5 32-32.3V64.3c0-17.8-14.4-32.3-32-32.3zM135.4 416H69V202.2h66.5V416zm-33.2-243c-21.3 0-38.5-17.3-38.5-38.5S80.9 96 102.2 96c21.2 0 38.5 17.3 38.5 38.5 0 21.3-17.2 38.5-38.5 38.5zm282.1 243h-66.4V312c0-24.8-.5-56.7-34.5-56.7-34.6 0-39.9 27-39.9 54.9V416h-66.4V202.2h63.7v29.2h.9c8.9-16.8 30.6-34.5 62.9-34.5 67.2 0 79.7 44.3 79.7 101.9V416z\"><\/path><\/svg>\t\t\t\t\t<\/a>\n\t\t\t\t<\/span>\n\t\t\t\t\t\t\t<span class=\"elementor-grid-item\" role=\"listitem\">\n\t\t\t\t\t<a class=\"elementor-icon elementor-social-icon elementor-social-icon-instagram elementor-animation-grow elementor-repeater-item-4d9eb74\" href=\"https:\/\/l.facebook.com\/l.php?u=https%3A%2F%2Fwww.instagram.com%2Fhitjob.it%3Ffbclid%3DIwZXh0bgNhZW0CMTAAYnJpZBExRFpvMWFXT1JEZFZLUVhlYgEe0VSWlNJxW6l84Te4n9r9-B1LVi5ruMDufiyTJm3jjCon1cDCdndXWKDSgmA_aem_x8PehsDlWWU5c6Z7ESnVZg&#038;h=AT0VRleTpdOiRaQ6cnUDP2EycheNU8G4ZdjfZhxBc98GE5nGc4-LAfaiqtuxPZ027VkfPpnpOYGyNaOWvxsJhHYF_kbYpcsarfnhBV09N27qV2gxQRD0WU-aZmgzV7vB1fPr\" target=\"_blank\">\n\t\t\t\t\t\t<span class=\"elementor-screen-only\">Instagram<\/span>\n\t\t\t\t\t\t<svg aria-hidden=\"true\" class=\"e-font-icon-svg e-fab-instagram\" viewBox=\"0 0 448 512\" xmlns=\"http:\/\/www.w3.org\/2000\/svg\"><path d=\"M224.1 141c-63.6 0-114.9 51.3-114.9 114.9s51.3 114.9 114.9 114.9S339 319.5 339 255.9 287.7 141 224.1 141zm0 189.6c-41.1 0-74.7-33.5-74.7-74.7s33.5-74.7 74.7-74.7 74.7 33.5 74.7 74.7-33.6 74.7-74.7 74.7zm146.4-194.3c0 14.9-12 26.8-26.8 26.8-14.9 0-26.8-12-26.8-26.8s12-26.8 26.8-26.8 26.8 12 26.8 26.8zm76.1 27.2c-1.7-35.9-9.9-67.7-36.2-93.9-26.2-26.2-58-34.4-93.9-36.2-37-2.1-147.9-2.1-184.9 0-35.8 1.7-67.6 9.9-93.9 36.1s-34.4 58-36.2 93.9c-2.1 37-2.1 147.9 0 184.9 1.7 35.9 9.9 67.7 36.2 93.9s58 34.4 93.9 36.2c37 2.1 147.9 2.1 184.9 0 35.9-1.7 67.7-9.9 93.9-36.2 26.2-26.2 34.4-58 36.2-93.9 2.1-37 2.1-147.8 0-184.8zM398.8 388c-7.8 19.6-22.9 34.7-42.6 42.6-29.5 11.7-99.5 9-132.1 9s-102.7 2.6-132.1-9c-19.6-7.8-34.7-22.9-42.6-42.6-11.7-29.5-9-99.5-9-132.1s-2.6-102.7 9-132.1c7.8-19.6 22.9-34.7 42.6-42.6 29.5-11.7 99.5-9 132.1-9s102.7-2.6 132.1 9c19.6 7.8 34.7 22.9 42.6 42.6 11.7 29.5 9 99.5 9 132.1s2.7 102.7-9 132.1z\"><\/path><\/svg>\t\t\t\t\t<\/a>\n\t\t\t\t<\/span>\n\t\t\t\t\t\t\t<span class=\"elementor-grid-item\" role=\"listitem\">\n\t\t\t\t\t<a class=\"elementor-icon elementor-social-icon elementor-social-icon-facebook elementor-animation-grow elementor-repeater-item-1c7f30f\" href=\"https:\/\/www.facebook.com\/profile.php?id=100092941980865\" target=\"_blank\">\n\t\t\t\t\t\t<span class=\"elementor-screen-only\">Facebook<\/span>\n\t\t\t\t\t\t<svg aria-hidden=\"true\" class=\"e-font-icon-svg e-fab-facebook\" viewBox=\"0 0 512 512\" xmlns=\"http:\/\/www.w3.org\/2000\/svg\"><path d=\"M504 256C504 119 393 8 256 8S8 119 8 256c0 123.78 90.69 226.38 209.25 245V327.69h-63V256h63v-54.64c0-62.15 37-96.48 93.67-96.48 27.14 0 55.52 4.84 55.52 4.84v61h-31.28c-30.8 0-40.41 19.12-40.41 38.73V256h68.78l-11 71.69h-57.78V501C413.31 482.38 504 379.78 504 256z\"><\/path><\/svg>\t\t\t\t\t<\/a>\n\t\t\t\t<\/span>\n\t\t\t\t\t<\/div>\n\t\t\t\t\t\t<\/div>\n\t\t\t\t<\/div>\n\t\t\t\t<\/div>\n\t\t\t\t<\/div>\n\t\t\t\t\t<\/div>\n\t\t\t\t<\/div>\n\t\t\t\t<\/div>\n\t\t","protected":false},"excerpt":{"rendered":"<p>FALEMINDEIT Do t&#8217;ju kontaktojm\u00eb sa m\u00eb shpejt t\u00eb jet\u00eb e mundur. Nd\u00ebrkoh\u00eb, zbuloni pozicionet tona vakante. Q\u00ebndroni n\u00eb kontakt me ne Linkedin Instagram Facebook<\/p>\n","protected":false},"author":3,"featured_media":0,"parent":0,"menu_order":0,"comment_status":"closed","ping_status":"closed","template":"","meta":{"_acf_changed":false,"footnotes":""},"class_list":["post-16186","page","type-page","status-publish","hentry"],"acf":[],"yoast_head":"<!-- This site is optimized with the Yoast SEO plugin v27.5 - https:\/\/yoast.com\/product\/yoast-seo-wordpress\/ -->\n<title>FALEMINDERIT &#8211; HitJob<\/title>\n<meta name=\"robots\" content=\"index, follow, max-snippet:-1, max-image-preview:large, max-video-preview:-1\" \/>\n<link rel=\"canonical\" href=\"https:\/\/hitjob.it\/sq\/faleminderit\/\" \/>\n<meta property=\"og:locale\" content=\"sq_AL\" \/>\n<meta property=\"og:type\" content=\"article\" \/>\n<meta property=\"og:title\" content=\"FALEMINDERIT &#8211; HitJob\" \/>\n<meta property=\"og:description\" content=\"FALEMINDEIT Do t&#8217;ju kontaktojm\u00eb sa m\u00eb shpejt t\u00eb jet\u00eb e mundur. Nd\u00ebrkoh\u00eb, zbuloni pozicionet tona vakante. Q\u00ebndroni n\u00eb kontakt me ne Linkedin Instagram Facebook\" \/>\n<meta property=\"og:url\" content=\"https:\/\/hitjob.it\/sq\/faleminderit\/\" \/>\n<meta property=\"og:site_name\" content=\"HitJob\" \/>\n<meta property=\"article:publisher\" content=\"https:\/\/www.facebook.com\/profile.php?id=100092941980865\" \/>\n<meta property=\"article:modified_time\" content=\"2025-09-19T10:44:02+00:00\" \/>\n<meta property=\"og:image\" content=\"https:\/\/hitjob.it\/wp-content\/uploads\/2025\/05\/IMG-WEB-YOAST-SEO.jpg\" \/>\n\t<meta property=\"og:image:width\" content=\"1200\" \/>\n\t<meta property=\"og:image:height\" content=\"675\" \/>\n\t<meta property=\"og:image:type\" content=\"image\/jpeg\" \/>\n<meta name=\"twitter:card\" content=\"summary_large_image\" \/>\n<meta name=\"twitter:label1\" content=\"Est. reading time\" \/>\n\t<meta name=\"twitter:data1\" content=\"1 minute\" \/>\n<script type=\"application\/ld+json\" class=\"yoast-schema-graph\">{\"@context\":\"https:\\\/\\\/schema.org\",\"@graph\":[{\"@type\":\"WebPage\",\"@id\":\"https:\\\/\\\/hitjob.it\\\/sq\\\/faleminderit\\\/\",\"url\":\"https:\\\/\\\/hitjob.it\\\/sq\\\/faleminderit\\\/\",\"name\":\"FALEMINDERIT &#8211; HitJob\",\"isPartOf\":{\"@id\":\"https:\\\/\\\/hitjob.it\\\/sq\\\/#website\"},\"datePublished\":\"2025-09-12T06:10:20+00:00\",\"dateModified\":\"2025-09-19T10:44:02+00:00\",\"breadcrumb\":{\"@id\":\"https:\\\/\\\/hitjob.it\\\/sq\\\/faleminderit\\\/#breadcrumb\"},\"inLanguage\":\"sq-AL\",\"potentialAction\":[{\"@type\":\"ReadAction\",\"target\":[\"https:\\\/\\\/hitjob.it\\\/sq\\\/faleminderit\\\/\"]}]},{\"@type\":\"BreadcrumbList\",\"@id\":\"https:\\\/\\\/hitjob.it\\\/sq\\\/faleminderit\\\/#breadcrumb\",\"itemListElement\":[{\"@type\":\"ListItem\",\"position\":1,\"name\":\"Home\",\"item\":\"https:\\\/\\\/hitjob.it\\\/sq\\\/\"},{\"@type\":\"ListItem\",\"position\":2,\"name\":\"FALEMINDERIT\"}]},{\"@type\":\"WebSite\",\"@id\":\"https:\\\/\\\/hitjob.it\\\/sq\\\/#website\",\"url\":\"https:\\\/\\\/hitjob.it\\\/sq\\\/\",\"name\":\"HitJob.it\",\"description\":\"Development and Expansion\",\"publisher\":{\"@id\":\"https:\\\/\\\/hitjob.it\\\/sq\\\/#organization\"},\"alternateName\":\"hitjob.it\",\"potentialAction\":[{\"@type\":\"SearchAction\",\"target\":{\"@type\":\"EntryPoint\",\"urlTemplate\":\"https:\\\/\\\/hitjob.it\\\/sq\\\/?s={search_term_string}\"},\"query-input\":{\"@type\":\"PropertyValueSpecification\",\"valueRequired\":true,\"valueName\":\"search_term_string\"}}],\"inLanguage\":\"sq-AL\"},{\"@type\":\"Organization\",\"@id\":\"https:\\\/\\\/hitjob.it\\\/sq\\\/#organization\",\"name\":\"Hit Job Development and Expansion\",\"url\":\"https:\\\/\\\/hitjob.it\\\/sq\\\/\",\"logo\":{\"@type\":\"ImageObject\",\"inLanguage\":\"sq-AL\",\"@id\":\"https:\\\/\\\/hitjob.it\\\/sq\\\/#\\\/schema\\\/logo\\\/image\\\/\",\"url\":\"https:\\\/\\\/hitjob.it\\\/wp-content\\\/uploads\\\/2024\\\/10\\\/hitjob-favicon.png\",\"contentUrl\":\"https:\\\/\\\/hitjob.it\\\/wp-content\\\/uploads\\\/2024\\\/10\\\/hitjob-favicon.png\",\"width\":512,\"height\":512,\"caption\":\"Hit Job Development and Expansion\"},\"image\":{\"@id\":\"https:\\\/\\\/hitjob.it\\\/sq\\\/#\\\/schema\\\/logo\\\/image\\\/\"},\"sameAs\":[\"https:\\\/\\\/www.facebook.com\\\/profile.php?id=100092941980865\",\"https:\\\/\\\/www.instagram.com\\\/hitjob.it\\\/\",\"https:\\\/\\\/www.linkedin.com\\\/company\\\/hitjob-it\\\/\"]}]}<\/script>\n<!-- \/ Yoast SEO plugin. -->","yoast_head_json":{"title":"FALEMINDERIT &#8211; HitJob","robots":{"index":"index","follow":"follow","max-snippet":"max-snippet:-1","max-image-preview":"max-image-preview:large","max-video-preview":"max-video-preview:-1"},"canonical":"https:\/\/hitjob.it\/sq\/faleminderit\/","og_locale":"sq_AL","og_type":"article","og_title":"FALEMINDERIT &#8211; HitJob","og_description":"FALEMINDEIT Do t&#8217;ju kontaktojm\u00eb sa m\u00eb shpejt t\u00eb jet\u00eb e mundur. Nd\u00ebrkoh\u00eb, zbuloni pozicionet tona vakante. Q\u00ebndroni n\u00eb kontakt me ne Linkedin Instagram Facebook","og_url":"https:\/\/hitjob.it\/sq\/faleminderit\/","og_site_name":"HitJob","article_publisher":"https:\/\/www.facebook.com\/profile.php?id=100092941980865","article_modified_time":"2025-09-19T10:44:02+00:00","og_image":[{"width":1200,"height":675,"url":"https:\/\/hitjob.it\/wp-content\/uploads\/2025\/05\/IMG-WEB-YOAST-SEO.jpg","type":"image\/jpeg"}],"twitter_card":"summary_large_image","twitter_misc":{"Est. reading time":"1 minute"},"schema":{"@context":"https:\/\/schema.org","@graph":[{"@type":"WebPage","@id":"https:\/\/hitjob.it\/sq\/faleminderit\/","url":"https:\/\/hitjob.it\/sq\/faleminderit\/","name":"FALEMINDERIT &#8211; HitJob","isPartOf":{"@id":"https:\/\/hitjob.it\/sq\/#website"},"datePublished":"2025-09-12T06:10:20+00:00","dateModified":"2025-09-19T10:44:02+00:00","breadcrumb":{"@id":"https:\/\/hitjob.it\/sq\/faleminderit\/#breadcrumb"},"inLanguage":"sq-AL","potentialAction":[{"@type":"ReadAction","target":["https:\/\/hitjob.it\/sq\/faleminderit\/"]}]},{"@type":"BreadcrumbList","@id":"https:\/\/hitjob.it\/sq\/faleminderit\/#breadcrumb","itemListElement":[{"@type":"ListItem","position":1,"name":"Home","item":"https:\/\/hitjob.it\/sq\/"},{"@type":"ListItem","position":2,"name":"FALEMINDERIT"}]},{"@type":"WebSite","@id":"https:\/\/hitjob.it\/sq\/#website","url":"https:\/\/hitjob.it\/sq\/","name":"HitJob.it","description":"Development and Expansion","publisher":{"@id":"https:\/\/hitjob.it\/sq\/#organization"},"alternateName":"hitjob.it","potentialAction":[{"@type":"SearchAction","target":{"@type":"EntryPoint","urlTemplate":"https:\/\/hitjob.it\/sq\/?s={search_term_string}"},"query-input":{"@type":"PropertyValueSpecification","valueRequired":true,"valueName":"search_term_string"}}],"inLanguage":"sq-AL"},{"@type":"Organization","@id":"https:\/\/hitjob.it\/sq\/#organization","name":"Hit Job Development and Expansion","url":"https:\/\/hitjob.it\/sq\/","logo":{"@type":"ImageObject","inLanguage":"sq-AL","@id":"https:\/\/hitjob.it\/sq\/#\/schema\/logo\/image\/","url":"https:\/\/hitjob.it\/wp-content\/uploads\/2024\/10\/hitjob-favicon.png","contentUrl":"https:\/\/hitjob.it\/wp-content\/uploads\/2024\/10\/hitjob-favicon.png","width":512,"height":512,"caption":"Hit Job Development and Expansion"},"image":{"@id":"https:\/\/hitjob.it\/sq\/#\/schema\/logo\/image\/"},"sameAs":["https:\/\/www.facebook.com\/profile.php?id=100092941980865","https:\/\/www.instagram.com\/hitjob.it\/","https:\/\/www.linkedin.com\/company\/hitjob-it\/"]}]}},"_links":{"self":[{"href":"https:\/\/hitjob.it\/sq\/wp-json\/wp\/v2\/pages\/16186","targetHints":{"allow":["GET"]}}],"collection":[{"href":"https:\/\/hitjob.it\/sq\/wp-json\/wp\/v2\/pages"}],"about":[{"href":"https:\/\/hitjob.it\/sq\/wp-json\/wp\/v2\/types\/page"}],"author":[{"embeddable":true,"href":"https:\/\/hitjob.it\/sq\/wp-json\/wp\/v2\/users\/3"}],"replies":[{"embeddable":true,"href":"https:\/\/hitjob.it\/sq\/wp-json\/wp\/v2\/comments?post=16186"}],"version-history":[{"count":7,"href":"https:\/\/hitjob.it\/sq\/wp-json\/wp\/v2\/pages\/16186\/revisions"}],"predecessor-version":[{"id":16194,"href":"https:\/\/hitjob.it\/sq\/wp-json\/wp\/v2\/pages\/16186\/revisions\/16194"}],"wp:attachment":[{"href":"https:\/\/hitjob.it\/sq\/wp-json\/wp\/v2\/media?parent=16186"}],"curies":[{"name":"wp","href":"https:\/\/api.w.org\/{rel}","templated":true}]}}